{"id":359,"date":"2023-04-14T18:54:54","date_gmt":"2023-04-14T16:54:54","guid":{"rendered":"http:\/\/sek-koulutus.fi\/?page_id=359"},"modified":"2025-04-02T16:29:25","modified_gmt":"2025-04-02T14:29:25","slug":"sielunhoitoterapia-kouluttajat","status":"publish","type":"page","link":"https:\/\/sek-koulutus.fi\/?page_id=359","title":{"rendered":"Kouluttajat"},"content":{"rendered":"\n<p><strong>Sovintoon el\u00e4m\u00e4n kanssa -terapeuttisen sielunhoidon koulutuksessa kouluttajina toimii useita erityisalojen asiantuntijoita, mm.:<\/strong><\/p>\n\n\n\n<ul class=\"wp-block-list\">\n<li>sosiaalipsykologi, psykoterapeutti (ET, ACC) Saara Kinnunen<\/li>\n\n\n\n<li>psykiatrian erikoisl\u00e4\u00e4k\u00e4ri, pastori (Lhpk), LL, TM Topi J\u00e4\u00e4skel\u00e4inen<\/li>\n\n\n\n<li>pastori, kouluttaja, TM Petri V\u00e4lim\u00e4ki<\/li>\n\n\n\n<li>psykoterapeutti, sielunhoitoterapeutti, Marjatta Ollikainen<\/li>\n\n\n\n<li>PhD, MA in Counseling, sielunhoitoterapeutti, kouluttaja Ulla Dahlen<\/li>\n\n\n\n<li>teologian tohtori, TT Matti Kankaanniemi <\/li>\n\n\n\n<li>kouluttaja, sielunhoitoterapeutti, MMM Leena Junnila<\/li>\n\n\n\n<li>psychotherapist (IPSICC, Tanska), seksuaaliterapeutti Tarja Vilppola<\/li>\n\n\n\n<li>pastori, sielunhoitoterapeutti Outi Huczkowski<\/li>\n\n\n\n<li>kouluttaja, kapellimestari, MuM Jyri Nissil\u00e4<\/li>\n\n\n\n<li>kouluttaja, muusikko Kristiina Tanhua-Laiho<\/li>\n<\/ul>\n\n\n\n<p><\/p>\n\n\n\n<div class=\"wp-block-columns is-layout-flex wp-container-core-columns-is-layout-28f84493 wp-block-columns-is-layout-flex\">\n<div class=\"wp-block-column is-layout-flow wp-block-column-is-layout-flow\" style=\"flex-basis:500px\">\n<figure class=\"wp-block-image size-full\"><img loading=\"lazy\" decoding=\"async\" width=\"1024\" height=\"576\" src=\"https:\/\/sek-koulutus.fi\/wp-content\/uploads\/2023\/09\/4-edited.jpg\" alt=\"\" class=\"wp-image-681\" srcset=\"https:\/\/sek-koulutus.fi\/wp-content\/uploads\/2023\/09\/4-edited.jpg 1024w, https:\/\/sek-koulutus.fi\/wp-content\/uploads\/2023\/09\/4-edited-300x169.jpg 300w, https:\/\/sek-koulutus.fi\/wp-content\/uploads\/2023\/09\/4-edited-768x432.jpg 768w\" sizes=\"auto, (max-width: 1024px) 100vw, 1024px\" \/><\/figure>\n<\/div>\n<\/div>\n","protected":false},"excerpt":{"rendered":"<p>Sovintoon el\u00e4m\u00e4n kanssa -terapeuttisen sielunhoidon koulutuksessa kouluttajina toimii useita erityisalojen asiantuntijoita, mm.:<\/p>\n","protected":false},"author":1,"featured_media":411,"parent":0,"menu_order":0,"comment_status":"closed","ping_status":"closed","template":"","meta":{"footnotes":""},"class_list":["post-359","page","type-page","status-publish","has-post-thumbnail","hentry"],"yoast_head":"<!-- This site is optimized with the Yoast SEO plugin v27.5 - https:\/\/yoast.com\/product\/yoast-seo-wordpress\/ -->\n<title>Kouluttajat - Alkuun<\/title>\n<meta name=\"robots\" content=\"index, follow, max-snippet:-1, max-image-preview:large, max-video-preview:-1\" \/>\n<link rel=\"canonical\" href=\"https:\/\/sek-koulutus.fi\/?page_id=359\" \/>\n<meta property=\"og:locale\" content=\"fi_FI\" \/>\n<meta property=\"og:type\" content=\"article\" \/>\n<meta property=\"og:title\" content=\"Kouluttajat - Alkuun\" \/>\n<meta property=\"og:description\" content=\"Sovintoon el\u00e4m\u00e4n kanssa -terapeuttisen sielunhoidon koulutuksessa kouluttajina toimii useita erityisalojen asiantuntijoita, mm.:\" \/>\n<meta property=\"og:url\" content=\"https:\/\/sek-koulutus.fi\/?page_id=359\" \/>\n<meta property=\"og:site_name\" content=\"Alkuun\" \/>\n<meta property=\"article:modified_time\" content=\"2025-04-02T14:29:25+00:00\" \/>\n<meta property=\"og:image\" content=\"http:\/\/sek-koulutus.fi\/wp-content\/uploads\/2023\/04\/people-4386248_1280-e1681544506757.png\" \/>\n\t<meta property=\"og:image:width\" content=\"1280\" \/>\n\t<meta property=\"og:image:height\" content=\"582\" \/>\n\t<meta property=\"og:image:type\" content=\"image\/png\" \/>\n<meta name=\"twitter:card\" content=\"summary_large_image\" \/>\n<meta name=\"twitter:label1\" content=\"Arvioitu lukuaika\" \/>\n\t<meta name=\"twitter:data1\" content=\"1 minuutti\" \/>\n<script type=\"application\/ld+json\" class=\"yoast-schema-graph\">{\"@context\":\"https:\\\/\\\/schema.org\",\"@graph\":[{\"@type\":\"WebPage\",\"@id\":\"https:\\\/\\\/sek-koulutus.fi\\\/?page_id=359\",\"url\":\"https:\\\/\\\/sek-koulutus.fi\\\/?page_id=359\",\"name\":\"Kouluttajat - Alkuun\",\"isPartOf\":{\"@id\":\"https:\\\/\\\/sek-koulutus.fi\\\/#website\"},\"primaryImageOfPage\":{\"@id\":\"https:\\\/\\\/sek-koulutus.fi\\\/?page_id=359#primaryimage\"},\"image\":{\"@id\":\"https:\\\/\\\/sek-koulutus.fi\\\/?page_id=359#primaryimage\"},\"thumbnailUrl\":\"https:\\\/\\\/sek-koulutus.fi\\\/wp-content\\\/uploads\\\/2023\\\/04\\\/people-4386248_1280-e1681544506757.png\",\"datePublished\":\"2023-04-14T16:54:54+00:00\",\"dateModified\":\"2025-04-02T14:29:25+00:00\",\"breadcrumb\":{\"@id\":\"https:\\\/\\\/sek-koulutus.fi\\\/?page_id=359#breadcrumb\"},\"inLanguage\":\"fi\",\"potentialAction\":[{\"@type\":\"ReadAction\",\"target\":[\"https:\\\/\\\/sek-koulutus.fi\\\/?page_id=359\"]}]},{\"@type\":\"ImageObject\",\"inLanguage\":\"fi\",\"@id\":\"https:\\\/\\\/sek-koulutus.fi\\\/?page_id=359#primaryimage\",\"url\":\"https:\\\/\\\/sek-koulutus.fi\\\/wp-content\\\/uploads\\\/2023\\\/04\\\/people-4386248_1280-e1681544506757.png\",\"contentUrl\":\"https:\\\/\\\/sek-koulutus.fi\\\/wp-content\\\/uploads\\\/2023\\\/04\\\/people-4386248_1280-e1681544506757.png\",\"width\":1280,\"height\":582},{\"@type\":\"BreadcrumbList\",\"@id\":\"https:\\\/\\\/sek-koulutus.fi\\\/?page_id=359#breadcrumb\",\"itemListElement\":[{\"@type\":\"ListItem\",\"position\":1,\"name\":\"Home\",\"item\":\"https:\\\/\\\/sek-koulutus.fi\\\/\"},{\"@type\":\"ListItem\",\"position\":2,\"name\":\"Kouluttajat\"}]},{\"@type\":\"WebSite\",\"@id\":\"https:\\\/\\\/sek-koulutus.fi\\\/#website\",\"url\":\"https:\\\/\\\/sek-koulutus.fi\\\/\",\"name\":\"Sovintoon el\u00e4m\u00e4n kanssa -koulutus\",\"description\":\"Sovintoon el&auml;m&auml;n kanssa\",\"publisher\":{\"@id\":\"https:\\\/\\\/sek-koulutus.fi\\\/#organization\"},\"potentialAction\":[{\"@type\":\"SearchAction\",\"target\":{\"@type\":\"EntryPoint\",\"urlTemplate\":\"https:\\\/\\\/sek-koulutus.fi\\\/?s={search_term_string}\"},\"query-input\":{\"@type\":\"PropertyValueSpecification\",\"valueRequired\":true,\"valueName\":\"search_term_string\"}}],\"inLanguage\":\"fi\"},{\"@type\":\"Organization\",\"@id\":\"https:\\\/\\\/sek-koulutus.fi\\\/#organization\",\"name\":\"Sovintoon el\u00e4mm\u00e4n kanssa -koulutus\",\"url\":\"https:\\\/\\\/sek-koulutus.fi\\\/\",\"logo\":{\"@type\":\"ImageObject\",\"inLanguage\":\"fi\",\"@id\":\"https:\\\/\\\/sek-koulutus.fi\\\/#\\\/schema\\\/logo\\\/image\\\/\",\"url\":\"https:\\\/\\\/sek-koulutus.fi\\\/wp-content\\\/uploads\\\/2023\\\/02\\\/cropped-cropped-cropped-SEK-logo.jpg\",\"contentUrl\":\"https:\\\/\\\/sek-koulutus.fi\\\/wp-content\\\/uploads\\\/2023\\\/02\\\/cropped-cropped-cropped-SEK-logo.jpg\",\"width\":512,\"height\":510,\"caption\":\"Sovintoon el\u00e4mm\u00e4n kanssa -koulutus\"},\"image\":{\"@id\":\"https:\\\/\\\/sek-koulutus.fi\\\/#\\\/schema\\\/logo\\\/image\\\/\"}}]}<\/script>\n<!-- \/ Yoast SEO plugin. -->","yoast_head_json":{"title":"Kouluttajat - Alkuun","robots":{"index":"index","follow":"follow","max-snippet":"max-snippet:-1","max-image-preview":"max-image-preview:large","max-video-preview":"max-video-preview:-1"},"canonical":"https:\/\/sek-koulutus.fi\/?page_id=359","og_locale":"fi_FI","og_type":"article","og_title":"Kouluttajat - Alkuun","og_description":"Sovintoon el\u00e4m\u00e4n kanssa -terapeuttisen sielunhoidon koulutuksessa kouluttajina toimii useita erityisalojen asiantuntijoita, mm.:","og_url":"https:\/\/sek-koulutus.fi\/?page_id=359","og_site_name":"Alkuun","article_modified_time":"2025-04-02T14:29:25+00:00","og_image":[{"width":1280,"height":582,"url":"http:\/\/sek-koulutus.fi\/wp-content\/uploads\/2023\/04\/people-4386248_1280-e1681544506757.png","type":"image\/png"}],"twitter_card":"summary_large_image","twitter_misc":{"Arvioitu lukuaika":"1 minuutti"},"schema":{"@context":"https:\/\/schema.org","@graph":[{"@type":"WebPage","@id":"https:\/\/sek-koulutus.fi\/?page_id=359","url":"https:\/\/sek-koulutus.fi\/?page_id=359","name":"Kouluttajat - Alkuun","isPartOf":{"@id":"https:\/\/sek-koulutus.fi\/#website"},"primaryImageOfPage":{"@id":"https:\/\/sek-koulutus.fi\/?page_id=359#primaryimage"},"image":{"@id":"https:\/\/sek-koulutus.fi\/?page_id=359#primaryimage"},"thumbnailUrl":"https:\/\/sek-koulutus.fi\/wp-content\/uploads\/2023\/04\/people-4386248_1280-e1681544506757.png","datePublished":"2023-04-14T16:54:54+00:00","dateModified":"2025-04-02T14:29:25+00:00","breadcrumb":{"@id":"https:\/\/sek-koulutus.fi\/?page_id=359#breadcrumb"},"inLanguage":"fi","potentialAction":[{"@type":"ReadAction","target":["https:\/\/sek-koulutus.fi\/?page_id=359"]}]},{"@type":"ImageObject","inLanguage":"fi","@id":"https:\/\/sek-koulutus.fi\/?page_id=359#primaryimage","url":"https:\/\/sek-koulutus.fi\/wp-content\/uploads\/2023\/04\/people-4386248_1280-e1681544506757.png","contentUrl":"https:\/\/sek-koulutus.fi\/wp-content\/uploads\/2023\/04\/people-4386248_1280-e1681544506757.png","width":1280,"height":582},{"@type":"BreadcrumbList","@id":"https:\/\/sek-koulutus.fi\/?page_id=359#breadcrumb","itemListElement":[{"@type":"ListItem","position":1,"name":"Home","item":"https:\/\/sek-koulutus.fi\/"},{"@type":"ListItem","position":2,"name":"Kouluttajat"}]},{"@type":"WebSite","@id":"https:\/\/sek-koulutus.fi\/#website","url":"https:\/\/sek-koulutus.fi\/","name":"Sovintoon el\u00e4m\u00e4n kanssa -koulutus","description":"Sovintoon el&auml;m&auml;n kanssa","publisher":{"@id":"https:\/\/sek-koulutus.fi\/#organization"},"potentialAction":[{"@type":"SearchAction","target":{"@type":"EntryPoint","urlTemplate":"https:\/\/sek-koulutus.fi\/?s={search_term_string}"},"query-input":{"@type":"PropertyValueSpecification","valueRequired":true,"valueName":"search_term_string"}}],"inLanguage":"fi"},{"@type":"Organization","@id":"https:\/\/sek-koulutus.fi\/#organization","name":"Sovintoon el\u00e4mm\u00e4n kanssa -koulutus","url":"https:\/\/sek-koulutus.fi\/","logo":{"@type":"ImageObject","inLanguage":"fi","@id":"https:\/\/sek-koulutus.fi\/#\/schema\/logo\/image\/","url":"https:\/\/sek-koulutus.fi\/wp-content\/uploads\/2023\/02\/cropped-cropped-cropped-SEK-logo.jpg","contentUrl":"https:\/\/sek-koulutus.fi\/wp-content\/uploads\/2023\/02\/cropped-cropped-cropped-SEK-logo.jpg","width":512,"height":510,"caption":"Sovintoon el\u00e4mm\u00e4n kanssa -koulutus"},"image":{"@id":"https:\/\/sek-koulutus.fi\/#\/schema\/logo\/image\/"}}]}},"_links":{"self":[{"href":"https:\/\/sek-koulutus.fi\/index.php?rest_route=\/wp\/v2\/pages\/359","targetHints":{"allow":["GET"]}}],"collection":[{"href":"https:\/\/sek-koulutus.fi\/index.php?rest_route=\/wp\/v2\/pages"}],"about":[{"href":"https:\/\/sek-koulutus.fi\/index.php?rest_route=\/wp\/v2\/types\/page"}],"author":[{"embeddable":true,"href":"https:\/\/sek-koulutus.fi\/index.php?rest_route=\/wp\/v2\/users\/1"}],"replies":[{"embeddable":true,"href":"https:\/\/sek-koulutus.fi\/index.php?rest_route=%2Fwp%2Fv2%2Fcomments&post=359"}],"version-history":[{"count":13,"href":"https:\/\/sek-koulutus.fi\/index.php?rest_route=\/wp\/v2\/pages\/359\/revisions"}],"predecessor-version":[{"id":876,"href":"https:\/\/sek-koulutus.fi\/index.php?rest_route=\/wp\/v2\/pages\/359\/revisions\/876"}],"wp:featuredmedia":[{"embeddable":true,"href":"https:\/\/sek-koulutus.fi\/index.php?rest_route=\/wp\/v2\/media\/411"}],"wp:attachment":[{"href":"https:\/\/sek-koulutus.fi\/index.php?rest_route=%2Fwp%2Fv2%2Fmedia&parent=359"}],"curies":[{"name":"wp","href":"https:\/\/api.w.org\/{rel}","templated":true}]}}