{"id":356,"date":"2023-04-14T18:54:54","date_gmt":"2023-04-14T16:54:54","guid":{"rendered":"http:\/\/sek-koulutus.fi\/?page_id=356"},"modified":"2026-04-04T16:23:44","modified_gmt":"2026-04-04T14:23:44","slug":"hae-sek-koulutukseen","status":"publish","type":"page","link":"https:\/\/sek-koulutus.fi\/?page_id=356","title":{"rendered":"Hae SEK-koulutukseen"},"content":{"rendered":"\n<p class=\"has-text-align-left\">T\u00e4ll\u00e4 hetkell\u00e4 ei ole alkavia koulutuksia.<\/p>\n\n\n<div class=\"wp-block-image\">\n<figure class=\"aligncenter size-large is-resized\"><img loading=\"lazy\" decoding=\"async\" width=\"1024\" height=\"682\" src=\"http:\/\/sek-koulutus.fi\/wp-content\/uploads\/2023\/11\/blue-2571965_1920-1024x682.jpg\" alt=\"\" class=\"wp-image-737\" style=\"width:443px;height:294px\" srcset=\"https:\/\/sek-koulutus.fi\/wp-content\/uploads\/2023\/11\/blue-2571965_1920-1024x682.jpg 1024w, https:\/\/sek-koulutus.fi\/wp-content\/uploads\/2023\/11\/blue-2571965_1920-300x200.jpg 300w, https:\/\/sek-koulutus.fi\/wp-content\/uploads\/2023\/11\/blue-2571965_1920-768x512.jpg 768w, https:\/\/sek-koulutus.fi\/wp-content\/uploads\/2023\/11\/blue-2571965_1920-1536x1023.jpg 1536w, https:\/\/sek-koulutus.fi\/wp-content\/uploads\/2023\/11\/blue-2571965_1920-360x240.jpg 360w, https:\/\/sek-koulutus.fi\/wp-content\/uploads\/2023\/11\/blue-2571965_1920.jpg 1920w\" sizes=\"auto, (max-width: 1024px) 100vw, 1024px\" \/><\/figure>\n<\/div>\n\n\n<div style=\"height:100px\" aria-hidden=\"true\" class=\"wp-block-spacer\"><\/div>\n","protected":false},"excerpt":{"rendered":"<p>T\u00e4ll\u00e4 hetkell\u00e4 ei ole alkavia koulutuksia.<\/p>\n","protected":false},"author":1,"featured_media":63,"parent":0,"menu_order":0,"comment_status":"closed","ping_status":"closed","template":"","meta":{"footnotes":""},"class_list":["post-356","page","type-page","status-publish","has-post-thumbnail","hentry"],"yoast_head":"<!-- This site is optimized with the Yoast SEO plugin v27.5 - https:\/\/yoast.com\/product\/yoast-seo-wordpress\/ -->\n<title>Hae SEK-koulutukseen - Alkuun<\/title>\n<meta name=\"description\" content=\"Sovintoon el\u00e4m\u00e4n kanssa sielunhoitoterapiakoulutuksen hakulomake ja ohjeet.\" \/>\n<meta name=\"robots\" content=\"index, follow, max-snippet:-1, max-image-preview:large, max-video-preview:-1\" \/>\n<link rel=\"canonical\" href=\"https:\/\/sek-koulutus.fi\/?page_id=356\" \/>\n<meta property=\"og:locale\" content=\"fi_FI\" \/>\n<meta property=\"og:type\" content=\"article\" \/>\n<meta property=\"og:title\" content=\"Hae SEK-koulutukseen - Alkuun\" \/>\n<meta property=\"og:description\" content=\"Sovintoon el\u00e4m\u00e4n kanssa sielunhoitoterapiakoulutuksen hakulomake ja ohjeet.\" \/>\n<meta property=\"og:url\" content=\"https:\/\/sek-koulutus.fi\/?page_id=356\" \/>\n<meta property=\"og:site_name\" content=\"Alkuun\" \/>\n<meta property=\"article:modified_time\" content=\"2026-04-04T14:23:44+00:00\" \/>\n<meta property=\"og:image\" content=\"http:\/\/sek-koulutus.fi\/wp-content\/uploads\/2023\/02\/blue-2571965_1920.jpg\" \/>\n\t<meta property=\"og:image:width\" content=\"1920\" \/>\n\t<meta property=\"og:image:height\" content=\"1279\" \/>\n\t<meta property=\"og:image:type\" content=\"image\/jpeg\" \/>\n<meta name=\"twitter:card\" content=\"summary_large_image\" \/>\n<meta name=\"twitter:label1\" content=\"Arvioitu lukuaika\" \/>\n\t<meta name=\"twitter:data1\" content=\"1 minuutti\" \/>\n<script type=\"application\/ld+json\" class=\"yoast-schema-graph\">{\"@context\":\"https:\\\/\\\/schema.org\",\"@graph\":[{\"@type\":\"WebPage\",\"@id\":\"https:\\\/\\\/sek-koulutus.fi\\\/?page_id=356\",\"url\":\"https:\\\/\\\/sek-koulutus.fi\\\/?page_id=356\",\"name\":\"Hae SEK-koulutukseen - Alkuun\",\"isPartOf\":{\"@id\":\"https:\\\/\\\/sek-koulutus.fi\\\/#website\"},\"primaryImageOfPage\":{\"@id\":\"https:\\\/\\\/sek-koulutus.fi\\\/?page_id=356#primaryimage\"},\"image\":{\"@id\":\"https:\\\/\\\/sek-koulutus.fi\\\/?page_id=356#primaryimage\"},\"thumbnailUrl\":\"https:\\\/\\\/sek-koulutus.fi\\\/wp-content\\\/uploads\\\/2023\\\/02\\\/blue-2571965_1920.jpg\",\"datePublished\":\"2023-04-14T16:54:54+00:00\",\"dateModified\":\"2026-04-04T14:23:44+00:00\",\"description\":\"Sovintoon el\u00e4m\u00e4n kanssa sielunhoitoterapiakoulutuksen hakulomake ja ohjeet.\",\"breadcrumb\":{\"@id\":\"https:\\\/\\\/sek-koulutus.fi\\\/?page_id=356#breadcrumb\"},\"inLanguage\":\"fi\",\"potentialAction\":[{\"@type\":\"ReadAction\",\"target\":[\"https:\\\/\\\/sek-koulutus.fi\\\/?page_id=356\"]}]},{\"@type\":\"ImageObject\",\"inLanguage\":\"fi\",\"@id\":\"https:\\\/\\\/sek-koulutus.fi\\\/?page_id=356#primaryimage\",\"url\":\"https:\\\/\\\/sek-koulutus.fi\\\/wp-content\\\/uploads\\\/2023\\\/02\\\/blue-2571965_1920.jpg\",\"contentUrl\":\"https:\\\/\\\/sek-koulutus.fi\\\/wp-content\\\/uploads\\\/2023\\\/02\\\/blue-2571965_1920.jpg\",\"width\":1920,\"height\":1279},{\"@type\":\"BreadcrumbList\",\"@id\":\"https:\\\/\\\/sek-koulutus.fi\\\/?page_id=356#breadcrumb\",\"itemListElement\":[{\"@type\":\"ListItem\",\"position\":1,\"name\":\"Home\",\"item\":\"https:\\\/\\\/sek-koulutus.fi\\\/\"},{\"@type\":\"ListItem\",\"position\":2,\"name\":\"Hae SEK-koulutukseen\"}]},{\"@type\":\"WebSite\",\"@id\":\"https:\\\/\\\/sek-koulutus.fi\\\/#website\",\"url\":\"https:\\\/\\\/sek-koulutus.fi\\\/\",\"name\":\"Sovintoon el\u00e4m\u00e4n kanssa -koulutus\",\"description\":\"Sovintoon el&auml;m&auml;n kanssa\",\"publisher\":{\"@id\":\"https:\\\/\\\/sek-koulutus.fi\\\/#organization\"},\"potentialAction\":[{\"@type\":\"SearchAction\",\"target\":{\"@type\":\"EntryPoint\",\"urlTemplate\":\"https:\\\/\\\/sek-koulutus.fi\\\/?s={search_term_string}\"},\"query-input\":{\"@type\":\"PropertyValueSpecification\",\"valueRequired\":true,\"valueName\":\"search_term_string\"}}],\"inLanguage\":\"fi\"},{\"@type\":\"Organization\",\"@id\":\"https:\\\/\\\/sek-koulutus.fi\\\/#organization\",\"name\":\"Sovintoon el\u00e4mm\u00e4n kanssa -koulutus\",\"url\":\"https:\\\/\\\/sek-koulutus.fi\\\/\",\"logo\":{\"@type\":\"ImageObject\",\"inLanguage\":\"fi\",\"@id\":\"https:\\\/\\\/sek-koulutus.fi\\\/#\\\/schema\\\/logo\\\/image\\\/\",\"url\":\"https:\\\/\\\/sek-koulutus.fi\\\/wp-content\\\/uploads\\\/2023\\\/02\\\/cropped-cropped-cropped-SEK-logo.jpg\",\"contentUrl\":\"https:\\\/\\\/sek-koulutus.fi\\\/wp-content\\\/uploads\\\/2023\\\/02\\\/cropped-cropped-cropped-SEK-logo.jpg\",\"width\":512,\"height\":510,\"caption\":\"Sovintoon el\u00e4mm\u00e4n kanssa -koulutus\"},\"image\":{\"@id\":\"https:\\\/\\\/sek-koulutus.fi\\\/#\\\/schema\\\/logo\\\/image\\\/\"}}]}<\/script>\n<!-- \/ Yoast SEO plugin. -->","yoast_head_json":{"title":"Hae SEK-koulutukseen - Alkuun","description":"Sovintoon el\u00e4m\u00e4n kanssa sielunhoitoterapiakoulutuksen hakulomake ja ohjeet.","robots":{"index":"index","follow":"follow","max-snippet":"max-snippet:-1","max-image-preview":"max-image-preview:large","max-video-preview":"max-video-preview:-1"},"canonical":"https:\/\/sek-koulutus.fi\/?page_id=356","og_locale":"fi_FI","og_type":"article","og_title":"Hae SEK-koulutukseen - Alkuun","og_description":"Sovintoon el\u00e4m\u00e4n kanssa sielunhoitoterapiakoulutuksen hakulomake ja ohjeet.","og_url":"https:\/\/sek-koulutus.fi\/?page_id=356","og_site_name":"Alkuun","article_modified_time":"2026-04-04T14:23:44+00:00","og_image":[{"width":1920,"height":1279,"url":"http:\/\/sek-koulutus.fi\/wp-content\/uploads\/2023\/02\/blue-2571965_1920.jpg","type":"image\/jpeg"}],"twitter_card":"summary_large_image","twitter_misc":{"Arvioitu lukuaika":"1 minuutti"},"schema":{"@context":"https:\/\/schema.org","@graph":[{"@type":"WebPage","@id":"https:\/\/sek-koulutus.fi\/?page_id=356","url":"https:\/\/sek-koulutus.fi\/?page_id=356","name":"Hae SEK-koulutukseen - Alkuun","isPartOf":{"@id":"https:\/\/sek-koulutus.fi\/#website"},"primaryImageOfPage":{"@id":"https:\/\/sek-koulutus.fi\/?page_id=356#primaryimage"},"image":{"@id":"https:\/\/sek-koulutus.fi\/?page_id=356#primaryimage"},"thumbnailUrl":"https:\/\/sek-koulutus.fi\/wp-content\/uploads\/2023\/02\/blue-2571965_1920.jpg","datePublished":"2023-04-14T16:54:54+00:00","dateModified":"2026-04-04T14:23:44+00:00","description":"Sovintoon el\u00e4m\u00e4n kanssa sielunhoitoterapiakoulutuksen hakulomake ja ohjeet.","breadcrumb":{"@id":"https:\/\/sek-koulutus.fi\/?page_id=356#breadcrumb"},"inLanguage":"fi","potentialAction":[{"@type":"ReadAction","target":["https:\/\/sek-koulutus.fi\/?page_id=356"]}]},{"@type":"ImageObject","inLanguage":"fi","@id":"https:\/\/sek-koulutus.fi\/?page_id=356#primaryimage","url":"https:\/\/sek-koulutus.fi\/wp-content\/uploads\/2023\/02\/blue-2571965_1920.jpg","contentUrl":"https:\/\/sek-koulutus.fi\/wp-content\/uploads\/2023\/02\/blue-2571965_1920.jpg","width":1920,"height":1279},{"@type":"BreadcrumbList","@id":"https:\/\/sek-koulutus.fi\/?page_id=356#breadcrumb","itemListElement":[{"@type":"ListItem","position":1,"name":"Home","item":"https:\/\/sek-koulutus.fi\/"},{"@type":"ListItem","position":2,"name":"Hae SEK-koulutukseen"}]},{"@type":"WebSite","@id":"https:\/\/sek-koulutus.fi\/#website","url":"https:\/\/sek-koulutus.fi\/","name":"Sovintoon el\u00e4m\u00e4n kanssa -koulutus","description":"Sovintoon el&auml;m&auml;n kanssa","publisher":{"@id":"https:\/\/sek-koulutus.fi\/#organization"},"potentialAction":[{"@type":"SearchAction","target":{"@type":"EntryPoint","urlTemplate":"https:\/\/sek-koulutus.fi\/?s={search_term_string}"},"query-input":{"@type":"PropertyValueSpecification","valueRequired":true,"valueName":"search_term_string"}}],"inLanguage":"fi"},{"@type":"Organization","@id":"https:\/\/sek-koulutus.fi\/#organization","name":"Sovintoon el\u00e4mm\u00e4n kanssa -koulutus","url":"https:\/\/sek-koulutus.fi\/","logo":{"@type":"ImageObject","inLanguage":"fi","@id":"https:\/\/sek-koulutus.fi\/#\/schema\/logo\/image\/","url":"https:\/\/sek-koulutus.fi\/wp-content\/uploads\/2023\/02\/cropped-cropped-cropped-SEK-logo.jpg","contentUrl":"https:\/\/sek-koulutus.fi\/wp-content\/uploads\/2023\/02\/cropped-cropped-cropped-SEK-logo.jpg","width":512,"height":510,"caption":"Sovintoon el\u00e4mm\u00e4n kanssa -koulutus"},"image":{"@id":"https:\/\/sek-koulutus.fi\/#\/schema\/logo\/image\/"}}]}},"_links":{"self":[{"href":"https:\/\/sek-koulutus.fi\/index.php?rest_route=\/wp\/v2\/pages\/356","targetHints":{"allow":["GET"]}}],"collection":[{"href":"https:\/\/sek-koulutus.fi\/index.php?rest_route=\/wp\/v2\/pages"}],"about":[{"href":"https:\/\/sek-koulutus.fi\/index.php?rest_route=\/wp\/v2\/types\/page"}],"author":[{"embeddable":true,"href":"https:\/\/sek-koulutus.fi\/index.php?rest_route=\/wp\/v2\/users\/1"}],"replies":[{"embeddable":true,"href":"https:\/\/sek-koulutus.fi\/index.php?rest_route=%2Fwp%2Fv2%2Fcomments&post=356"}],"version-history":[{"count":37,"href":"https:\/\/sek-koulutus.fi\/index.php?rest_route=\/wp\/v2\/pages\/356\/revisions"}],"predecessor-version":[{"id":919,"href":"https:\/\/sek-koulutus.fi\/index.php?rest_route=\/wp\/v2\/pages\/356\/revisions\/919"}],"wp:featuredmedia":[{"embeddable":true,"href":"https:\/\/sek-koulutus.fi\/index.php?rest_route=\/wp\/v2\/media\/63"}],"wp:attachment":[{"href":"https:\/\/sek-koulutus.fi\/index.php?rest_route=%2Fwp%2Fv2%2Fmedia&parent=356"}],"curies":[{"name":"wp","href":"https:\/\/api.w.org\/{rel}","templated":true}]}}