{"id":333,"date":"2023-04-14T13:13:22","date_gmt":"2023-04-14T11:13:22","guid":{"rendered":"http:\/\/sek-koulutus.fi\/?page_id=333"},"modified":"2023-06-09T16:51:09","modified_gmt":"2023-06-09T14:51:09","slug":"jaseneksi","status":"publish","type":"page","link":"https:\/\/sek-koulutus.fi\/?page_id=333","title":{"rendered":"J\u00e4seneksi"},"content":{"rendered":"<div class=\"wpforms-container wpforms-container-full wpforms-block wpforms-block-7ada86c2-093d-470c-89eb-f0615bf8baca\" id=\"wpforms-604\"><form id=\"wpforms-form-604\" class=\"wpforms-validate wpforms-form wpforms-ajax-form\" data-formid=\"604\" method=\"post\" enctype=\"multipart\/form-data\" action=\"\/index.php?rest_route=%2Fwp%2Fv2%2Fpages%2F333\" data-token=\"c4c5bc76b85ba51f13221ac43c01b5d6\" data-token-time=\"1777429820\"><div class=\"wpforms-head-container\"><div class=\"wpforms-title\">Sovintoon el\u00e4m\u00e4n kanssa -koulutus ry:n j\u00e4senhakemus<\/div><div class=\"wpforms-description\">Yhdistyksen j\u00e4seneksi voi hakea RE tai SEK terapeuttisen sielunhoidon koulutuksen k\u00e4ynyt henkil\u00f6 sek\u00e4 RE ja SEK sielunhoitoterapian kouluttaja.<\/div><\/div><noscript class=\"wpforms-error-noscript\">Please enable JavaScript in your browser to complete this form.<\/noscript><div class=\"wpforms-field-container\"><div id=\"wpforms-604-field_3-container\" class=\"wpforms-field wpforms-field-text\" data-field-id=\"3\"><label class=\"wpforms-field-label\" for=\"wpforms-604-field_3\">Nimi <span class=\"wpforms-required-label\">*<\/span><\/label><input type=\"text\" id=\"wpforms-604-field_3\" class=\"wpforms-field-medium wpforms-field-required\" name=\"wpforms[fields][3]\" required><\/div><div id=\"wpforms-604-field_4-container\" class=\"wpforms-field wpforms-field-text\" data-field-id=\"4\"><label class=\"wpforms-field-label\" for=\"wpforms-604-field_4\">L\u00e4hiosoite <span class=\"wpforms-required-label\">*<\/span><\/label><input type=\"text\" id=\"wpforms-604-field_4\" class=\"wpforms-field-medium wpforms-field-required\" name=\"wpforms[fields][4]\" required><\/div><div id=\"wpforms-604-field_6-container\" class=\"wpforms-field wpforms-field-number\" data-field-id=\"6\"><label class=\"wpforms-field-label\" for=\"wpforms-604-field_6\">Postinumero <span class=\"wpforms-required-label\">*<\/span><\/label><input type=\"number\" id=\"wpforms-604-field_6\" class=\"wpforms-field-medium wpforms-field-required\" name=\"wpforms[fields][6]\" step=\"any\" required><\/div><div id=\"wpforms-604-field_5-container\" class=\"wpforms-field wpforms-field-text\" data-field-id=\"5\"><label class=\"wpforms-field-label\" for=\"wpforms-604-field_5\">Postitoimipaikka <span class=\"wpforms-required-label\">*<\/span><\/label><input type=\"text\" id=\"wpforms-604-field_5\" class=\"wpforms-field-medium wpforms-field-required\" name=\"wpforms[fields][5]\" required><\/div><div id=\"wpforms-604-field_8-container\" class=\"wpforms-field wpforms-field-email\" data-field-id=\"8\"><label class=\"wpforms-field-label\" for=\"wpforms-604-field_8\">S\u00e4hk\u00f6postiosoite <span class=\"wpforms-required-label\">*<\/span><\/label><input type=\"email\" id=\"wpforms-604-field_8\" class=\"wpforms-field-medium wpforms-field-required\" name=\"wpforms[fields][8]\" spellcheck=\"false\" required><\/div><div id=\"wpforms-604-field_7-container\" class=\"wpforms-field wpforms-field-text\" data-field-id=\"7\"><label class=\"wpforms-field-label\" for=\"wpforms-604-field_7\">Puhelinnumero <span class=\"wpforms-required-label\">*<\/span><\/label><input type=\"text\" id=\"wpforms-604-field_7\" class=\"wpforms-field-medium wpforms-field-required\" name=\"wpforms[fields][7]\" required><\/div><div id=\"wpforms-604-field_9-container\" class=\"wpforms-field wpforms-field-text\" data-field-id=\"9\"><label class=\"wpforms-field-label\" for=\"wpforms-604-field_9\">Sielunhoitoterapiakoulutus (RE\/SEK, valmistumisvuosi) <span class=\"wpforms-required-label\">*<\/span><\/label><input type=\"text\" id=\"wpforms-604-field_9\" class=\"wpforms-field-medium wpforms-field-required\" name=\"wpforms[fields][9]\" required><\/div><div id=\"wpforms-604-field_10-container\" class=\"wpforms-field wpforms-field-text\" data-field-id=\"10\"><label class=\"wpforms-field-label\" for=\"wpforms-604-field_10\">Sielunhoitoterapian kouluttaja (vuosina) <span class=\"wpforms-required-label\">*<\/span><\/label><input type=\"text\" id=\"wpforms-604-field_10\" class=\"wpforms-field-medium wpforms-field-required\" name=\"wpforms[fields][10]\" required><\/div><div id=\"wpforms-604-field_11-container\" class=\"wpforms-field wpforms-field-text\" data-field-id=\"11\"><label class=\"wpforms-field-label\" for=\"wpforms-604-field_11\">Paikka ja p\u00e4iv\u00e4ys <span class=\"wpforms-required-label\">*<\/span><\/label><input type=\"text\" id=\"wpforms-604-field_11\" class=\"wpforms-field-medium wpforms-field-required\" name=\"wpforms[fields][11]\" required><div class=\"wpforms-field-description\">Sovintoon el\u00e4m\u00e4n kanssa -koulutus ry:n hallitus k\u00e4sittelee j\u00e4senyyshakemuksesi\r\ntulevassa kokouksessaan, jonka j\u00e4lkeen toimitamme sinulle j\u00e4senmaksutiedot.\r\nVuonna 2023 j\u00e4senmaksu on 25 euroa.\r\nJ\u00e4senill\u00e4 on oikeus osallistua yhdistyksen vuosikokoukseen ja asettua ehdolle\r\nyhdistyksen hallituksen j\u00e4seneksi.<\/div><\/div><\/div><!-- .wpforms-field-container --><div class=\"wpforms-submit-container\" ><input type=\"hidden\" name=\"wpforms[id]\" value=\"604\"><input type=\"hidden\" name=\"page_title\" value=\"\"><input type=\"hidden\" name=\"page_url\" value=\"https:\/\/sek-koulutus.fi\/index.php?rest_route=\/wp\/v2\/pages\/333\"><input type=\"hidden\" name=\"url_referer\" value=\"\"><button type=\"submit\" name=\"wpforms[submit]\" id=\"wpforms-submit-604\" class=\"wpforms-submit\" data-alt-text=\"L\u00e4hetet\u00e4\u00e4n\" data-submit-text=\"Hae j\u00e4seneksi\" aria-live=\"assertive\" value=\"wpforms-submit\">Hae j\u00e4seneksi<\/button><img loading=\"lazy\" decoding=\"async\" src=\"https:\/\/sek-koulutus.fi\/wp-content\/plugins\/wpforms-lite\/assets\/images\/submit-spin.svg\" class=\"wpforms-submit-spinner\" style=\"display: none;\" width=\"26\" height=\"26\" alt=\"Loading\"><\/div><\/form><\/div>  <!-- .wpforms-container -->\n\n\n<p>Lataa t\u00e4st\u00e4 paperiversio:<\/p>\n\n\n\n<div class=\"wp-block-file\"><a id=\"wp-block-file--media-cfce1005-6970-42ed-bd4f-9a1a94c661a5\" href=\"https:\/\/sek-koulutus.fi\/wp-content\/uploads\/2023\/05\/Sovintoon-elaman-kanssa-koulutus-ry-n-jasenhakemus.docx\">Sovintoon-elaman-kanssa-koulutus-ry-n-jasenhakemus<\/a><a href=\"https:\/\/sek-koulutus.fi\/wp-content\/uploads\/2023\/05\/Sovintoon-elaman-kanssa-koulutus-ry-n-jasenhakemus.docx\" class=\"wp-block-file__button wp-element-button\" download aria-describedby=\"wp-block-file--media-cfce1005-6970-42ed-bd4f-9a1a94c661a5\">Lataa<\/a><\/div>\n","protected":false},"excerpt":{"rendered":"<p>Lataa t\u00e4st\u00e4 paperiversio:<\/p>\n","protected":false},"author":1,"featured_media":264,"parent":0,"menu_order":0,"comment_status":"closed","ping_status":"closed","template":"","meta":{"footnotes":""},"class_list":["post-333","page","type-page","status-publish","has-post-thumbnail","hentry"],"yoast_head":"<!-- This site is optimized with the Yoast SEO plugin v27.5 - https:\/\/yoast.com\/product\/yoast-seo-wordpress\/ -->\n<title>J\u00e4seneksi - Alkuun<\/title>\n<meta name=\"robots\" content=\"index, follow, max-snippet:-1, max-image-preview:large, max-video-preview:-1\" \/>\n<link rel=\"canonical\" href=\"https:\/\/sek-koulutus.fi\/?page_id=333\" \/>\n<meta property=\"og:locale\" content=\"fi_FI\" \/>\n<meta property=\"og:type\" content=\"article\" \/>\n<meta property=\"og:title\" content=\"J\u00e4seneksi - Alkuun\" \/>\n<meta property=\"og:description\" content=\"Lataa t\u00e4st\u00e4 paperiversio:\" \/>\n<meta property=\"og:url\" content=\"https:\/\/sek-koulutus.fi\/?page_id=333\" \/>\n<meta property=\"og:site_name\" content=\"Alkuun\" \/>\n<meta property=\"article:modified_time\" content=\"2023-06-09T14:51:09+00:00\" \/>\n<meta property=\"og:image\" content=\"https:\/\/sek-koulutus.fi\/wp-content\/uploads\/2023\/03\/hands-20333_1280.jpg\" \/>\n\t<meta property=\"og:image:width\" content=\"1280\" \/>\n\t<meta property=\"og:image:height\" content=\"853\" \/>\n\t<meta property=\"og:image:type\" content=\"image\/jpeg\" \/>\n<meta name=\"twitter:card\" content=\"summary_large_image\" \/>\n<script type=\"application\/ld+json\" class=\"yoast-schema-graph\">{\"@context\":\"https:\\\/\\\/schema.org\",\"@graph\":[{\"@type\":\"WebPage\",\"@id\":\"https:\\\/\\\/sek-koulutus.fi\\\/?page_id=333\",\"url\":\"https:\\\/\\\/sek-koulutus.fi\\\/?page_id=333\",\"name\":\"J\u00e4seneksi - Alkuun\",\"isPartOf\":{\"@id\":\"https:\\\/\\\/sek-koulutus.fi\\\/#website\"},\"primaryImageOfPage\":{\"@id\":\"https:\\\/\\\/sek-koulutus.fi\\\/?page_id=333#primaryimage\"},\"image\":{\"@id\":\"https:\\\/\\\/sek-koulutus.fi\\\/?page_id=333#primaryimage\"},\"thumbnailUrl\":\"https:\\\/\\\/sek-koulutus.fi\\\/wp-content\\\/uploads\\\/2023\\\/03\\\/hands-20333_1280.jpg\",\"datePublished\":\"2023-04-14T11:13:22+00:00\",\"dateModified\":\"2023-06-09T14:51:09+00:00\",\"breadcrumb\":{\"@id\":\"https:\\\/\\\/sek-koulutus.fi\\\/?page_id=333#breadcrumb\"},\"inLanguage\":\"fi\",\"potentialAction\":[{\"@type\":\"ReadAction\",\"target\":[\"https:\\\/\\\/sek-koulutus.fi\\\/?page_id=333\"]}]},{\"@type\":\"ImageObject\",\"inLanguage\":\"fi\",\"@id\":\"https:\\\/\\\/sek-koulutus.fi\\\/?page_id=333#primaryimage\",\"url\":\"https:\\\/\\\/sek-koulutus.fi\\\/wp-content\\\/uploads\\\/2023\\\/03\\\/hands-20333_1280.jpg\",\"contentUrl\":\"https:\\\/\\\/sek-koulutus.fi\\\/wp-content\\\/uploads\\\/2023\\\/03\\\/hands-20333_1280.jpg\",\"width\":1280,\"height\":853},{\"@type\":\"BreadcrumbList\",\"@id\":\"https:\\\/\\\/sek-koulutus.fi\\\/?page_id=333#breadcrumb\",\"itemListElement\":[{\"@type\":\"ListItem\",\"position\":1,\"name\":\"Home\",\"item\":\"https:\\\/\\\/sek-koulutus.fi\\\/\"},{\"@type\":\"ListItem\",\"position\":2,\"name\":\"J\u00e4seneksi\"}]},{\"@type\":\"WebSite\",\"@id\":\"https:\\\/\\\/sek-koulutus.fi\\\/#website\",\"url\":\"https:\\\/\\\/sek-koulutus.fi\\\/\",\"name\":\"Sovintoon el\u00e4m\u00e4n kanssa -koulutus\",\"description\":\"Sovintoon el&auml;m&auml;n kanssa\",\"publisher\":{\"@id\":\"https:\\\/\\\/sek-koulutus.fi\\\/#organization\"},\"potentialAction\":[{\"@type\":\"SearchAction\",\"target\":{\"@type\":\"EntryPoint\",\"urlTemplate\":\"https:\\\/\\\/sek-koulutus.fi\\\/?s={search_term_string}\"},\"query-input\":{\"@type\":\"PropertyValueSpecification\",\"valueRequired\":true,\"valueName\":\"search_term_string\"}}],\"inLanguage\":\"fi\"},{\"@type\":\"Organization\",\"@id\":\"https:\\\/\\\/sek-koulutus.fi\\\/#organization\",\"name\":\"Sovintoon el\u00e4mm\u00e4n kanssa -koulutus\",\"url\":\"https:\\\/\\\/sek-koulutus.fi\\\/\",\"logo\":{\"@type\":\"ImageObject\",\"inLanguage\":\"fi\",\"@id\":\"https:\\\/\\\/sek-koulutus.fi\\\/#\\\/schema\\\/logo\\\/image\\\/\",\"url\":\"https:\\\/\\\/sek-koulutus.fi\\\/wp-content\\\/uploads\\\/2023\\\/02\\\/cropped-cropped-cropped-SEK-logo.jpg\",\"contentUrl\":\"https:\\\/\\\/sek-koulutus.fi\\\/wp-content\\\/uploads\\\/2023\\\/02\\\/cropped-cropped-cropped-SEK-logo.jpg\",\"width\":512,\"height\":510,\"caption\":\"Sovintoon el\u00e4mm\u00e4n kanssa -koulutus\"},\"image\":{\"@id\":\"https:\\\/\\\/sek-koulutus.fi\\\/#\\\/schema\\\/logo\\\/image\\\/\"}}]}<\/script>\n<!-- \/ Yoast SEO plugin. -->","yoast_head_json":{"title":"J\u00e4seneksi - Alkuun","robots":{"index":"index","follow":"follow","max-snippet":"max-snippet:-1","max-image-preview":"max-image-preview:large","max-video-preview":"max-video-preview:-1"},"canonical":"https:\/\/sek-koulutus.fi\/?page_id=333","og_locale":"fi_FI","og_type":"article","og_title":"J\u00e4seneksi - Alkuun","og_description":"Lataa t\u00e4st\u00e4 paperiversio:","og_url":"https:\/\/sek-koulutus.fi\/?page_id=333","og_site_name":"Alkuun","article_modified_time":"2023-06-09T14:51:09+00:00","og_image":[{"width":1280,"height":853,"url":"https:\/\/sek-koulutus.fi\/wp-content\/uploads\/2023\/03\/hands-20333_1280.jpg","type":"image\/jpeg"}],"twitter_card":"summary_large_image","schema":{"@context":"https:\/\/schema.org","@graph":[{"@type":"WebPage","@id":"https:\/\/sek-koulutus.fi\/?page_id=333","url":"https:\/\/sek-koulutus.fi\/?page_id=333","name":"J\u00e4seneksi - Alkuun","isPartOf":{"@id":"https:\/\/sek-koulutus.fi\/#website"},"primaryImageOfPage":{"@id":"https:\/\/sek-koulutus.fi\/?page_id=333#primaryimage"},"image":{"@id":"https:\/\/sek-koulutus.fi\/?page_id=333#primaryimage"},"thumbnailUrl":"https:\/\/sek-koulutus.fi\/wp-content\/uploads\/2023\/03\/hands-20333_1280.jpg","datePublished":"2023-04-14T11:13:22+00:00","dateModified":"2023-06-09T14:51:09+00:00","breadcrumb":{"@id":"https:\/\/sek-koulutus.fi\/?page_id=333#breadcrumb"},"inLanguage":"fi","potentialAction":[{"@type":"ReadAction","target":["https:\/\/sek-koulutus.fi\/?page_id=333"]}]},{"@type":"ImageObject","inLanguage":"fi","@id":"https:\/\/sek-koulutus.fi\/?page_id=333#primaryimage","url":"https:\/\/sek-koulutus.fi\/wp-content\/uploads\/2023\/03\/hands-20333_1280.jpg","contentUrl":"https:\/\/sek-koulutus.fi\/wp-content\/uploads\/2023\/03\/hands-20333_1280.jpg","width":1280,"height":853},{"@type":"BreadcrumbList","@id":"https:\/\/sek-koulutus.fi\/?page_id=333#breadcrumb","itemListElement":[{"@type":"ListItem","position":1,"name":"Home","item":"https:\/\/sek-koulutus.fi\/"},{"@type":"ListItem","position":2,"name":"J\u00e4seneksi"}]},{"@type":"WebSite","@id":"https:\/\/sek-koulutus.fi\/#website","url":"https:\/\/sek-koulutus.fi\/","name":"Sovintoon el\u00e4m\u00e4n kanssa -koulutus","description":"Sovintoon el&auml;m&auml;n kanssa","publisher":{"@id":"https:\/\/sek-koulutus.fi\/#organization"},"potentialAction":[{"@type":"SearchAction","target":{"@type":"EntryPoint","urlTemplate":"https:\/\/sek-koulutus.fi\/?s={search_term_string}"},"query-input":{"@type":"PropertyValueSpecification","valueRequired":true,"valueName":"search_term_string"}}],"inLanguage":"fi"},{"@type":"Organization","@id":"https:\/\/sek-koulutus.fi\/#organization","name":"Sovintoon el\u00e4mm\u00e4n kanssa -koulutus","url":"https:\/\/sek-koulutus.fi\/","logo":{"@type":"ImageObject","inLanguage":"fi","@id":"https:\/\/sek-koulutus.fi\/#\/schema\/logo\/image\/","url":"https:\/\/sek-koulutus.fi\/wp-content\/uploads\/2023\/02\/cropped-cropped-cropped-SEK-logo.jpg","contentUrl":"https:\/\/sek-koulutus.fi\/wp-content\/uploads\/2023\/02\/cropped-cropped-cropped-SEK-logo.jpg","width":512,"height":510,"caption":"Sovintoon el\u00e4mm\u00e4n kanssa -koulutus"},"image":{"@id":"https:\/\/sek-koulutus.fi\/#\/schema\/logo\/image\/"}}]}},"_links":{"self":[{"href":"https:\/\/sek-koulutus.fi\/index.php?rest_route=\/wp\/v2\/pages\/333","targetHints":{"allow":["GET"]}}],"collection":[{"href":"https:\/\/sek-koulutus.fi\/index.php?rest_route=\/wp\/v2\/pages"}],"about":[{"href":"https:\/\/sek-koulutus.fi\/index.php?rest_route=\/wp\/v2\/types\/page"}],"author":[{"embeddable":true,"href":"https:\/\/sek-koulutus.fi\/index.php?rest_route=\/wp\/v2\/users\/1"}],"replies":[{"embeddable":true,"href":"https:\/\/sek-koulutus.fi\/index.php?rest_route=%2Fwp%2Fv2%2Fcomments&post=333"}],"version-history":[{"count":12,"href":"https:\/\/sek-koulutus.fi\/index.php?rest_route=\/wp\/v2\/pages\/333\/revisions"}],"predecessor-version":[{"id":623,"href":"https:\/\/sek-koulutus.fi\/index.php?rest_route=\/wp\/v2\/pages\/333\/revisions\/623"}],"wp:featuredmedia":[{"embeddable":true,"href":"https:\/\/sek-koulutus.fi\/index.php?rest_route=\/wp\/v2\/media\/264"}],"wp:attachment":[{"href":"https:\/\/sek-koulutus.fi\/index.php?rest_route=%2Fwp%2Fv2%2Fmedia&parent=333"}],"curies":[{"name":"wp","href":"https:\/\/api.w.org\/{rel}","templated":true}]}}