{"id":31,"date":"2023-02-11T16:47:44","date_gmt":"2023-02-11T14:47:44","guid":{"rendered":"http:\/\/sek-koulutus.fi\/?page_id=31"},"modified":"2023-06-16T14:33:40","modified_gmt":"2023-06-16T12:33:40","slug":"contact","status":"publish","type":"page","link":"https:\/\/sek-koulutus.fi\/?page_id=31","title":{"rendered":"Ota yhteytt\u00e4"},"content":{"rendered":"\n<div class=\"wp-block-columns is-layout-flex wp-container-core-columns-is-layout-28f84493 wp-block-columns-is-layout-flex\">\n<div class=\"wp-block-column is-layout-flow wp-block-column-is-layout-flow\">\n<div class=\"wp-block-group\"><div class=\"wp-block-group__inner-container is-layout-constrained wp-block-group-is-layout-constrained\">\n<p><strong>Sovintoon el\u00e4m\u00e4n kanssa -koulutus ry<\/strong><\/p>\n\n\n\n<p>Kotipaikka: Kalajoki<\/p>\n\n\n\n<p>Y-tunnus 2616996-3<\/p>\n\n\n\n<p>IBAN: FI25 4108 0010 3703 96<\/p>\n\n\n\n<p><\/p>\n\n\n\n<p><\/p>\n<\/div><\/div>\n<\/div>\n\n\n\n<div class=\"wp-block-column is-layout-flow wp-block-column-is-layout-flow\"><div class=\"wpforms-container wpforms-container-full wpforms-block wpforms-block-89e76510-1735-41e2-ba5b-98a74bbd2947\" id=\"wpforms-596\"><form id=\"wpforms-form-596\" class=\"wpforms-validate wpforms-form wpforms-ajax-form\" data-formid=\"596\" method=\"post\" enctype=\"multipart\/form-data\" action=\"\/index.php?rest_route=%2Fwp%2Fv2%2Fpages%2F31\" data-token=\"4841c5a0e6bd75f6aa60fcb18ceb6f28\" data-token-time=\"1777647872\"><noscript class=\"wpforms-error-noscript\">Please enable JavaScript in your browser to complete this form.<\/noscript><div class=\"wpforms-field-container\"><div id=\"wpforms-596-field_0-container\" class=\"wpforms-field wpforms-field-name\" data-field-id=\"0\"><label class=\"wpforms-field-label\" for=\"wpforms-596-field_0\">Nimi <span class=\"wpforms-required-label\">*<\/span><\/label><div class=\"wpforms-field-row wpforms-field-medium\"><div class=\"wpforms-field-row-block wpforms-first wpforms-one-half\"><input type=\"text\" id=\"wpforms-596-field_0\" class=\"wpforms-field-name-first wpforms-field-required\" name=\"wpforms[fields][0][first]\" placeholder=\"Etunimi\" required><label for=\"wpforms-596-field_0\" class=\"wpforms-field-sublabel after wpforms-sublabel-hide\">First<\/label><\/div><div class=\"wpforms-field-row-block wpforms-one-half\"><input type=\"text\" id=\"wpforms-596-field_0-last\" class=\"wpforms-field-name-last wpforms-field-required\" name=\"wpforms[fields][0][last]\" placeholder=\"Sukunimi\" required><label for=\"wpforms-596-field_0-last\" class=\"wpforms-field-sublabel after wpforms-sublabel-hide\">Last<\/label><\/div><\/div><\/div><div id=\"wpforms-596-field_1-container\" class=\"wpforms-field wpforms-field-email\" data-field-id=\"1\"><label class=\"wpforms-field-label\" for=\"wpforms-596-field_1\">S\u00e4hk\u00f6posti <span class=\"wpforms-required-label\">*<\/span><\/label><input type=\"email\" id=\"wpforms-596-field_1\" class=\"wpforms-field-medium wpforms-field-required\" name=\"wpforms[fields][1]\" spellcheck=\"false\" required><\/div><div id=\"wpforms-596-field_2-container\" class=\"wpforms-field wpforms-field-textarea\" data-field-id=\"2\"><label class=\"wpforms-field-label\" for=\"wpforms-596-field_2\">Viesti <span class=\"wpforms-required-label\">*<\/span><\/label><textarea id=\"wpforms-596-field_2\" class=\"wpforms-field-medium wpforms-field-required\" name=\"wpforms[fields][2]\" required><\/textarea><\/div><\/div><!-- .wpforms-field-container --><div class=\"wpforms-submit-container\" ><input type=\"hidden\" name=\"wpforms[id]\" value=\"596\"><input type=\"hidden\" name=\"page_title\" value=\"\"><input type=\"hidden\" name=\"page_url\" value=\"https:\/\/sek-koulutus.fi\/index.php?rest_route=\/wp\/v2\/pages\/31\"><input type=\"hidden\" name=\"url_referer\" value=\"\"><button type=\"submit\" name=\"wpforms[submit]\" id=\"wpforms-submit-596\" class=\"wpforms-submit\" data-alt-text=\"L\u00e4hetet\u00e4\u00e4n\" data-submit-text=\"L\u00e4het\u00e4\" aria-live=\"assertive\" value=\"wpforms-submit\">L\u00e4het\u00e4<\/button><img loading=\"lazy\" decoding=\"async\" src=\"https:\/\/sek-koulutus.fi\/wp-content\/plugins\/wpforms-lite\/assets\/images\/submit-spin.svg\" class=\"wpforms-submit-spinner\" style=\"display: none;\" width=\"26\" height=\"26\" alt=\"Loading\"><\/div><\/form><\/div>  <!-- .wpforms-container --><\/div>\n<\/div>\n","protected":false},"excerpt":{"rendered":"<p>Sovintoon el\u00e4m\u00e4n kanssa -koulutus ry Kotipaikka: Kalajoki Y-tunnus 2616996-3 IBAN: FI25 4108 0010 3703 96<\/p>\n","protected":false},"author":1,"featured_media":275,"parent":0,"menu_order":0,"comment_status":"closed","ping_status":"closed","template":"","meta":{"footnotes":""},"class_list":["post-31","page","type-page","status-publish","has-post-thumbnail","hentry"],"yoast_head":"<!-- This site is optimized with the Yoast SEO plugin v27.5 - https:\/\/yoast.com\/product\/yoast-seo-wordpress\/ -->\n<title>Ota yhteytt\u00e4 - Alkuun<\/title>\n<meta name=\"description\" content=\"Ota yhteytt\u00e4 Sovintoon el\u00e4m\u00e4n kanssa koulutukseen.\" \/>\n<meta name=\"robots\" content=\"index, follow, max-snippet:-1, max-image-preview:large, max-video-preview:-1\" \/>\n<link rel=\"canonical\" href=\"https:\/\/sek-koulutus.fi\/?page_id=31\" \/>\n<meta property=\"og:locale\" content=\"fi_FI\" \/>\n<meta property=\"og:type\" content=\"article\" \/>\n<meta property=\"og:title\" content=\"Ota yhteytt\u00e4 - Alkuun\" \/>\n<meta property=\"og:description\" content=\"Ota yhteytt\u00e4 Sovintoon el\u00e4m\u00e4n kanssa koulutukseen.\" \/>\n<meta property=\"og:url\" content=\"https:\/\/sek-koulutus.fi\/?page_id=31\" \/>\n<meta property=\"og:site_name\" content=\"Alkuun\" \/>\n<meta property=\"article:modified_time\" content=\"2023-06-16T12:33:40+00:00\" \/>\n<meta property=\"og:image\" content=\"https:\/\/sek-koulutus.fi\/wp-content\/uploads\/2023\/03\/telephone-3594206_1280.jpg\" \/>\n\t<meta property=\"og:image:width\" content=\"1280\" \/>\n\t<meta property=\"og:image:height\" content=\"853\" \/>\n\t<meta property=\"og:image:type\" content=\"image\/jpeg\" \/>\n<meta name=\"twitter:card\" content=\"summary_large_image\" \/>\n<meta name=\"twitter:label1\" content=\"Arvioitu lukuaika\" \/>\n\t<meta name=\"twitter:data1\" content=\"1 minuutti\" \/>\n<script type=\"application\/ld+json\" class=\"yoast-schema-graph\">{\"@context\":\"https:\\\/\\\/schema.org\",\"@graph\":[{\"@type\":\"WebPage\",\"@id\":\"https:\\\/\\\/sek-koulutus.fi\\\/?page_id=31\",\"url\":\"https:\\\/\\\/sek-koulutus.fi\\\/?page_id=31\",\"name\":\"Ota yhteytt\u00e4 - Alkuun\",\"isPartOf\":{\"@id\":\"https:\\\/\\\/sek-koulutus.fi\\\/#website\"},\"primaryImageOfPage\":{\"@id\":\"https:\\\/\\\/sek-koulutus.fi\\\/?page_id=31#primaryimage\"},\"image\":{\"@id\":\"https:\\\/\\\/sek-koulutus.fi\\\/?page_id=31#primaryimage\"},\"thumbnailUrl\":\"https:\\\/\\\/sek-koulutus.fi\\\/wp-content\\\/uploads\\\/2023\\\/03\\\/telephone-3594206_1280.jpg\",\"datePublished\":\"2023-02-11T14:47:44+00:00\",\"dateModified\":\"2023-06-16T12:33:40+00:00\",\"description\":\"Ota yhteytt\u00e4 Sovintoon el\u00e4m\u00e4n kanssa koulutukseen.\",\"breadcrumb\":{\"@id\":\"https:\\\/\\\/sek-koulutus.fi\\\/?page_id=31#breadcrumb\"},\"inLanguage\":\"fi\",\"potentialAction\":[{\"@type\":\"ReadAction\",\"target\":[\"https:\\\/\\\/sek-koulutus.fi\\\/?page_id=31\"]}]},{\"@type\":\"ImageObject\",\"inLanguage\":\"fi\",\"@id\":\"https:\\\/\\\/sek-koulutus.fi\\\/?page_id=31#primaryimage\",\"url\":\"https:\\\/\\\/sek-koulutus.fi\\\/wp-content\\\/uploads\\\/2023\\\/03\\\/telephone-3594206_1280.jpg\",\"contentUrl\":\"https:\\\/\\\/sek-koulutus.fi\\\/wp-content\\\/uploads\\\/2023\\\/03\\\/telephone-3594206_1280.jpg\",\"width\":1280,\"height\":853},{\"@type\":\"BreadcrumbList\",\"@id\":\"https:\\\/\\\/sek-koulutus.fi\\\/?page_id=31#breadcrumb\",\"itemListElement\":[{\"@type\":\"ListItem\",\"position\":1,\"name\":\"Home\",\"item\":\"https:\\\/\\\/sek-koulutus.fi\\\/\"},{\"@type\":\"ListItem\",\"position\":2,\"name\":\"Ota yhteytt\u00e4\"}]},{\"@type\":\"WebSite\",\"@id\":\"https:\\\/\\\/sek-koulutus.fi\\\/#website\",\"url\":\"https:\\\/\\\/sek-koulutus.fi\\\/\",\"name\":\"Sovintoon el\u00e4m\u00e4n kanssa -koulutus\",\"description\":\"Sovintoon el&auml;m&auml;n kanssa\",\"publisher\":{\"@id\":\"https:\\\/\\\/sek-koulutus.fi\\\/#organization\"},\"potentialAction\":[{\"@type\":\"SearchAction\",\"target\":{\"@type\":\"EntryPoint\",\"urlTemplate\":\"https:\\\/\\\/sek-koulutus.fi\\\/?s={search_term_string}\"},\"query-input\":{\"@type\":\"PropertyValueSpecification\",\"valueRequired\":true,\"valueName\":\"search_term_string\"}}],\"inLanguage\":\"fi\"},{\"@type\":\"Organization\",\"@id\":\"https:\\\/\\\/sek-koulutus.fi\\\/#organization\",\"name\":\"Sovintoon el\u00e4mm\u00e4n kanssa -koulutus\",\"url\":\"https:\\\/\\\/sek-koulutus.fi\\\/\",\"logo\":{\"@type\":\"ImageObject\",\"inLanguage\":\"fi\",\"@id\":\"https:\\\/\\\/sek-koulutus.fi\\\/#\\\/schema\\\/logo\\\/image\\\/\",\"url\":\"https:\\\/\\\/sek-koulutus.fi\\\/wp-content\\\/uploads\\\/2023\\\/02\\\/cropped-cropped-cropped-SEK-logo.jpg\",\"contentUrl\":\"https:\\\/\\\/sek-koulutus.fi\\\/wp-content\\\/uploads\\\/2023\\\/02\\\/cropped-cropped-cropped-SEK-logo.jpg\",\"width\":512,\"height\":510,\"caption\":\"Sovintoon el\u00e4mm\u00e4n kanssa -koulutus\"},\"image\":{\"@id\":\"https:\\\/\\\/sek-koulutus.fi\\\/#\\\/schema\\\/logo\\\/image\\\/\"}}]}<\/script>\n<!-- \/ Yoast SEO plugin. -->","yoast_head_json":{"title":"Ota yhteytt\u00e4 - Alkuun","description":"Ota yhteytt\u00e4 Sovintoon el\u00e4m\u00e4n kanssa koulutukseen.","robots":{"index":"index","follow":"follow","max-snippet":"max-snippet:-1","max-image-preview":"max-image-preview:large","max-video-preview":"max-video-preview:-1"},"canonical":"https:\/\/sek-koulutus.fi\/?page_id=31","og_locale":"fi_FI","og_type":"article","og_title":"Ota yhteytt\u00e4 - Alkuun","og_description":"Ota yhteytt\u00e4 Sovintoon el\u00e4m\u00e4n kanssa koulutukseen.","og_url":"https:\/\/sek-koulutus.fi\/?page_id=31","og_site_name":"Alkuun","article_modified_time":"2023-06-16T12:33:40+00:00","og_image":[{"width":1280,"height":853,"url":"https:\/\/sek-koulutus.fi\/wp-content\/uploads\/2023\/03\/telephone-3594206_1280.jpg","type":"image\/jpeg"}],"twitter_card":"summary_large_image","twitter_misc":{"Arvioitu lukuaika":"1 minuutti"},"schema":{"@context":"https:\/\/schema.org","@graph":[{"@type":"WebPage","@id":"https:\/\/sek-koulutus.fi\/?page_id=31","url":"https:\/\/sek-koulutus.fi\/?page_id=31","name":"Ota yhteytt\u00e4 - Alkuun","isPartOf":{"@id":"https:\/\/sek-koulutus.fi\/#website"},"primaryImageOfPage":{"@id":"https:\/\/sek-koulutus.fi\/?page_id=31#primaryimage"},"image":{"@id":"https:\/\/sek-koulutus.fi\/?page_id=31#primaryimage"},"thumbnailUrl":"https:\/\/sek-koulutus.fi\/wp-content\/uploads\/2023\/03\/telephone-3594206_1280.jpg","datePublished":"2023-02-11T14:47:44+00:00","dateModified":"2023-06-16T12:33:40+00:00","description":"Ota yhteytt\u00e4 Sovintoon el\u00e4m\u00e4n kanssa koulutukseen.","breadcrumb":{"@id":"https:\/\/sek-koulutus.fi\/?page_id=31#breadcrumb"},"inLanguage":"fi","potentialAction":[{"@type":"ReadAction","target":["https:\/\/sek-koulutus.fi\/?page_id=31"]}]},{"@type":"ImageObject","inLanguage":"fi","@id":"https:\/\/sek-koulutus.fi\/?page_id=31#primaryimage","url":"https:\/\/sek-koulutus.fi\/wp-content\/uploads\/2023\/03\/telephone-3594206_1280.jpg","contentUrl":"https:\/\/sek-koulutus.fi\/wp-content\/uploads\/2023\/03\/telephone-3594206_1280.jpg","width":1280,"height":853},{"@type":"BreadcrumbList","@id":"https:\/\/sek-koulutus.fi\/?page_id=31#breadcrumb","itemListElement":[{"@type":"ListItem","position":1,"name":"Home","item":"https:\/\/sek-koulutus.fi\/"},{"@type":"ListItem","position":2,"name":"Ota yhteytt\u00e4"}]},{"@type":"WebSite","@id":"https:\/\/sek-koulutus.fi\/#website","url":"https:\/\/sek-koulutus.fi\/","name":"Sovintoon el\u00e4m\u00e4n kanssa -koulutus","description":"Sovintoon el&auml;m&auml;n kanssa","publisher":{"@id":"https:\/\/sek-koulutus.fi\/#organization"},"potentialAction":[{"@type":"SearchAction","target":{"@type":"EntryPoint","urlTemplate":"https:\/\/sek-koulutus.fi\/?s={search_term_string}"},"query-input":{"@type":"PropertyValueSpecification","valueRequired":true,"valueName":"search_term_string"}}],"inLanguage":"fi"},{"@type":"Organization","@id":"https:\/\/sek-koulutus.fi\/#organization","name":"Sovintoon el\u00e4mm\u00e4n kanssa -koulutus","url":"https:\/\/sek-koulutus.fi\/","logo":{"@type":"ImageObject","inLanguage":"fi","@id":"https:\/\/sek-koulutus.fi\/#\/schema\/logo\/image\/","url":"https:\/\/sek-koulutus.fi\/wp-content\/uploads\/2023\/02\/cropped-cropped-cropped-SEK-logo.jpg","contentUrl":"https:\/\/sek-koulutus.fi\/wp-content\/uploads\/2023\/02\/cropped-cropped-cropped-SEK-logo.jpg","width":512,"height":510,"caption":"Sovintoon el\u00e4mm\u00e4n kanssa -koulutus"},"image":{"@id":"https:\/\/sek-koulutus.fi\/#\/schema\/logo\/image\/"}}]}},"_links":{"self":[{"href":"https:\/\/sek-koulutus.fi\/index.php?rest_route=\/wp\/v2\/pages\/31","targetHints":{"allow":["GET"]}}],"collection":[{"href":"https:\/\/sek-koulutus.fi\/index.php?rest_route=\/wp\/v2\/pages"}],"about":[{"href":"https:\/\/sek-koulutus.fi\/index.php?rest_route=\/wp\/v2\/types\/page"}],"author":[{"embeddable":true,"href":"https:\/\/sek-koulutus.fi\/index.php?rest_route=\/wp\/v2\/users\/1"}],"replies":[{"embeddable":true,"href":"https:\/\/sek-koulutus.fi\/index.php?rest_route=%2Fwp%2Fv2%2Fcomments&post=31"}],"version-history":[{"count":15,"href":"https:\/\/sek-koulutus.fi\/index.php?rest_route=\/wp\/v2\/pages\/31\/revisions"}],"predecessor-version":[{"id":632,"href":"https:\/\/sek-koulutus.fi\/index.php?rest_route=\/wp\/v2\/pages\/31\/revisions\/632"}],"wp:featuredmedia":[{"embeddable":true,"href":"https:\/\/sek-koulutus.fi\/index.php?rest_route=\/wp\/v2\/media\/275"}],"wp:attachment":[{"href":"https:\/\/sek-koulutus.fi\/index.php?rest_route=%2Fwp%2Fv2%2Fmedia&parent=31"}],"curies":[{"name":"wp","href":"https:\/\/api.w.org\/{rel}","templated":true}]}}